{"id":10839,"date":"2020-12-12T21:44:24","date_gmt":"2020-12-12T21:44:24","guid":{"rendered":"https:\/\/cnctulua.tv\/?page_id=10839"},"modified":"2024-01-27T15:46:20","modified_gmt":"2024-01-27T15:46:20","slug":"paute-con-nosotros","status":"publish","type":"page","link":"https:\/\/cnctulua.tv\/?page_id=10839","title":{"rendered":"Pauta con nosotros"},"content":{"rendered":"\n<h3 class=\"wp-block-heading\"><center><strong>Nuestros Servicios<\/strong><\/center><\/h3>\n\n\n\n<p class=\"has-text-align-center has-medium-font-size\">En Teluro Producciones hemos venido trabajando en los \u00faltimos a\u00f1os en la articulaci\u00f3n del ecosistema de nuestros productos con el objetivo de potenciar las marcas de todos nuestros clientes.<\/p>\n\n\n\n<p><\/p>\n\n\n\n<div class=\"wp-block-columns has-2-columns is-layout-flex wp-container-core-columns-is-layout-28f84493 wp-block-columns-is-layout-flex\">\n<div class=\"wp-block-column is-layout-flow wp-block-column-is-layout-flow\">\n<p class=\"has-text-align-center has-medium-font-size\"><img loading=\"lazy\" decoding=\"async\" width=\"40\" height=\"40\" class=\"wp-image-10843\" style=\"width: 40px;\" src=\"https:\/\/cnctulua.tv\/wp-content\/uploads\/2020\/12\/volumen.png\" alt=\"\">  Comerciales y Facebook Live<\/p>\n\n\n\n<p class=\"has-text-align-center has-medium-font-size\"><img loading=\"lazy\" decoding=\"async\" width=\"40\" height=\"40\" class=\"wp-image-10849\" style=\"width: 40px;\" src=\"https:\/\/cnctulua.tv\/wp-content\/uploads\/2020\/12\/video.png\" alt=\"\">  Video y Streaming<\/p>\n<\/div>\n\n\n\n<div class=\"wp-block-column is-layout-flow wp-block-column-is-layout-flow\">\n<p class=\"has-medium-font-size\"><img loading=\"lazy\" decoding=\"async\" width=\"40\" height=\"40\" class=\"wp-image-10848\" style=\"width: 40px;\" src=\"https:\/\/cnctulua.tv\/wp-content\/uploads\/2020\/12\/promocion.png\" alt=\"\">  Pauta en nuestros portales<\/p>\n\n\n\n<p class=\"has-medium-font-size\"><img loading=\"lazy\" decoding=\"async\" width=\"40\" height=\"40\" class=\"wp-image-10851\" style=\"width: 40px;\" src=\"https:\/\/cnctulua.tv\/wp-content\/uploads\/2020\/12\/checklist.png\" alt=\"\">   Contenido de Marca<\/p>\n<\/div>\n<\/div>\n\n\n\n<p><strong>Que ventajas tienes al pautar con nosotros:<\/strong><\/p>\n\n\n\n<ul class=\"wp-block-list\">\n<li>Contamos con una amplia experiencia de 30 a\u00f1os en la industria televisiva regional, lo que nos convierte en un referente confiable y reconocido en nuestro mercado.<\/li>\n\n\n\n<li>Nuestra capacidad para realizar transmisiones en vivo nos permite cubrir eventos importantes y transmitirlos en tiempo real, lo cual brinda a nuestros clientes la oportunidad de conectar con su audiencia de manera inmediata.<\/li>\n\n\n\n<li>Organizamos eventos especiales, lo que ofrece una plataforma \u00fanica para que nuestros clientes puedan promocionar sus productos y servicios de una manera exclusiva y diferenciadora.<\/li>\n\n\n\n<li>Realizamos comerciales de alta calidad que captan la atenci\u00f3n de nuestra audiencia, lo cual garantiza a nuestros clientes una mayor visibilidad y reconocimiento de su marca.<\/li>\n\n\n\n<li>Emitimos programas en vivo y en diferido, lo que nos permite adaptarnos a los distintos horarios y preferencias de nuestros televidentes, garantizando as\u00ed que puedan disfrutar de nuestra programaci\u00f3n sin importar su disponibilidad.<\/li>\n\n\n\n<li>Ofrecemos servicios de producci\u00f3n audiovisual, lo que nos permite ayudar a nuestros clientes a crear contenido de alta calidad que resalte sus mensajes y valores de marca.<\/li>\n\n\n\n<li>Contamos con un equipo de expertos en edici\u00f3n de video y dise\u00f1o gr\u00e1fico, lo cual garantiza a nuestros clientes un aspecto visual atractivo y profesional en sus producciones.<\/li>\n\n\n\n<li>A trav\u00e9s de la promoci\u00f3n de marcas y productos, brindamos a nuestros clientes la oportunidad de llegar a una audiencia m\u00e1s amplia, incrementar su visibilidad y aumentar sus ventas.<\/li>\n\n\n\n<li>Somos l\u00edderes en nuestro mercado, gracias a nuestro compromiso con la excelencia y la mejora continua, lo cual nos permite mantenernos a la vanguardia de las tendencias televisivas y satisfacer las expectativas de nuestros televidentes y clientes.<\/li>\n<\/ul>\n\n\n\n<hr class=\"wp-block-separator has-css-opacity is-style-wide\"\/>\n\n\n\n<h4 class=\"wp-block-heading has-text-align-center\">Cont\u00e1ctanos<\/h4>\n\n\n\n<div class=\"wp-block-columns has-2-columns is-layout-flex wp-container-core-columns-is-layout-28f84493 wp-block-columns-is-layout-flex\">\n<div class=\"wp-block-column is-layout-flow wp-block-column-is-layout-flow\">\n<p class=\"has-text-align-center has-medium-font-size\"><img loading=\"lazy\" decoding=\"async\" width=\"40\" height=\"40\" class=\"wp-image-10871\" style=\"width: 40px;\" src=\"https:\/\/cnctulua.tv\/wp-content\/uploads\/2020\/12\/correo-electronico.png\" alt=\"\">telurocnc2@hotmail.com<\/p>\n<\/div>\n\n\n\n<div class=\"wp-block-column is-layout-flow wp-block-column-is-layout-flow\">\n<p class=\"has-medium-font-size\"><img loading=\"lazy\" decoding=\"async\" width=\"40\" height=\"40\" class=\"wp-image-10873\" style=\"width: 40px;\" src=\"https:\/\/cnctulua.tv\/wp-content\/uploads\/2020\/12\/llamada-telefonica.png\" alt=\"\">+57 310 493 8352<\/p>\n<\/div>\n<\/div>\n\n\n<div class=\"wp-block-image\">\n<figure class=\"aligncenter size-large\"><img decoding=\"async\" src=\"https:\/\/cnctulua.tv\/wp-content\/uploads\/2020\/12\/WhatsApp-Image-2020-12-15-at-10.55.13-AM-e1608048583720-1024x611.jpeg\" alt=\"\" class=\"wp-image-10964\"\/><\/figure>\n<\/div>","protected":false},"excerpt":{"rendered":"<p>Nuestros Servicios En Teluro Producciones hemos venido trabajando en los \u00faltimos a\u00f1os en la articulaci\u00f3n del ecosistema de nuestros productos con el objetivo de potenciar las marcas de todos nuestros clientes. Comerciales y Facebook Live Video y Streaming Pauta en nuestros portales Contenido de Marca Que ventajas tienes al pautar con nosotros: Cont\u00e1ctanos telurocnc2@hotmail.com +57 [&hellip;]<\/p>\n","protected":false},"author":3,"featured_media":0,"parent":0,"menu_order":0,"comment_status":"closed","ping_status":"closed","template":"","meta":{"footnotes":""},"class_list":["post-10839","page","type-page","status-publish","hentry"],"_links":{"self":[{"href":"https:\/\/cnctulua.tv\/index.php?rest_route=\/wp\/v2\/pages\/10839","targetHints":{"allow":["GET"]}}],"collection":[{"href":"https:\/\/cnctulua.tv\/index.php?rest_route=\/wp\/v2\/pages"}],"about":[{"href":"https:\/\/cnctulua.tv\/index.php?rest_route=\/wp\/v2\/types\/page"}],"author":[{"embeddable":true,"href":"https:\/\/cnctulua.tv\/index.php?rest_route=\/wp\/v2\/users\/3"}],"replies":[{"embeddable":true,"href":"https:\/\/cnctulua.tv\/index.php?rest_route=%2Fwp%2Fv2%2Fcomments&post=10839"}],"version-history":[{"count":32,"href":"https:\/\/cnctulua.tv\/index.php?rest_route=\/wp\/v2\/pages\/10839\/revisions"}],"predecessor-version":[{"id":13523,"href":"https:\/\/cnctulua.tv\/index.php?rest_route=\/wp\/v2\/pages\/10839\/revisions\/13523"}],"wp:attachment":[{"href":"https:\/\/cnctulua.tv\/index.php?rest_route=%2Fwp%2Fv2%2Fmedia&parent=10839"}],"curies":[{"name":"wp","href":"https:\/\/api.w.org\/{rel}","templated":true}]}}